{"id":14532,"date":"2017-02-12T22:06:59","date_gmt":"2017-02-12T22:06:59","guid":{"rendered":"http:\/\/www.cyc.cl\/?page_id=14532"},"modified":"2019-02-25T16:25:21","modified_gmt":"2019-02-25T19:25:21","slug":"productos","status":"publish","type":"page","link":"https:\/\/www.cyc.cl\/index.php\/productos\/","title":{"rendered":"Productos"},"content":{"rendered":"<div class=\"wpb-content-wrapper\"><p>[vc_row][vc_column width=\u00bb1\/6&#8243;][\/vc_column][vc_column width=\u00bb1\/4&#8243;][vc_single_image image=\u00bb15057&#8243; img_size=\u00bb300&#215;300&#8243; alignment=\u00bbcenter\u00bb style=\u00bbvc_box_border_circle_2&#8243; css_animation=\u00bbfadeIn\u00bb][\/vc_column][vc_column width=\u00bb1\/2&#8243;]<div class=\"dt-fancy-separator title-left h3-size style-disabled\" style=\"width: 100%;\"><div class=\"dt-fancy-title\"><span class=\"separator-holder separator-left\"><\/span>Efectiva Extensible Cash\u00ae<span class=\"separator-holder separator-right\"><\/span><\/div><\/div>[vc_column_text]La aplicaci\u00f3n Efectiva Extensible Cash\u00ae, permite desplegar funcionalidad de recaudaci\u00f3n y pago de cuentas de m\u00faltiples empresas prestadoras de servicios (EPS), mediante diversos m\u00f3dulos de servicio como son: el Sitio Central, una caja de atenci\u00f3n presencial de p\u00fablico, y un Kiosco auto atendido. Efectiva permite el control integral de los flujos de valores de una empresa de servicios, ya sean \u00e9stos recaudaciones (ingresos), pagos (egresos), y venta de intangibles, operando en un ambiente multi canal recaudador y para m\u00faltiples EPS, ya sea que \u00e9stas operan en l\u00ednea o mediante base de datos Stand In de cuentas.[\/vc_column_text][vc_btn title=\u00bbVer m\u00e1s\u00bb style=\u00bboutline\u00bb color=\u00bbprimary\u00bb link=\u00bburl:http%3A%2F%2Fwww.cyc.cl%2Findex.php%2Fefectiva%2F|||\u00bb][\/vc_column][\/vc_row][vc_row][vc_column][vc_empty_space height=\u00bb20px\u00bb][vc_separator style=\u00bbdashed\u00bb border_width=\u00bb2&#8243; el_width=\u00bb80&#8243;][vc_empty_space height=\u00bb20px\u00bb][\/vc_column][\/vc_row][vc_row][vc_column width=\u00bb1\/6&#8243;][\/vc_column][vc_column width=\u00bb1\/2&#8243; offset=\u00bbvc_hidden-xs\u00bb]<div class=\"dt-fancy-separator title-left h3-size style-disabled\" style=\"width: 100%;\"><div class=\"dt-fancy-title\"><span class=\"separator-holder separator-left\"><\/span>Switch Transaccional de Extensible Cash\u00ae<span class=\"separator-holder separator-right\"><\/span><\/div><\/div>[vc_column_text]El M\u00f3dulo Switch Transaccional de Extensible Cash\u00ae, permite la ejecuci\u00f3n de los m\u00f3dulos de Autorizaci\u00f3n, Captura y Switch de Medios de Pago Electr\u00f3nicos. Esencialmente se encarga de la Recepci\u00f3n de Peticiones desde las cajas o Puntos de Venta (Point Of Sale), el almacenamiento de las transacciones en una Base de datos para su procesamiento y la Comunicaci\u00f3n en L\u00ednea con las Empresas prestadoras de Servicio (EPS) para obtener la Autorizaci\u00f3n respectiva.[\/vc_column_text][vc_btn title=\u00bbVer m\u00e1s\u00bb style=\u00bboutline\u00bb color=\u00bbprimary\u00bb link=\u00bburl:http%3A%2F%2Fwww.cyc.cl%2Findex.php%2Fswitch-transaccional-xcash%2F|||\u00bb][\/vc_column][vc_column width=\u00bb1\/4&#8243; offset=\u00bbvc_hidden-xs\u00bb][vc_single_image image=\u00bb15059&#8243; img_size=\u00bb300&#215;300&#8243; alignment=\u00bbcenter\u00bb style=\u00bbvc_box_border_circle_2&#8243; css_animation=\u00bbfadeIn\u00bb][\/vc_column][\/vc_row][vc_row][vc_column width=\u00bb1\/6&#8243;][\/vc_column][vc_column width=\u00bb1\/4&#8243; offset=\u00bbvc_hidden-lg vc_hidden-md vc_hidden-sm\u00bb][vc_single_image image=\u00bb15059&#8243; img_size=\u00bb300&#215;300&#8243; alignment=\u00bbcenter\u00bb style=\u00bbvc_box_border_circle_2&#8243; css_animation=\u00bbfadeIn\u00bb][\/vc_column][vc_column width=\u00bb1\/2&#8243; offset=\u00bbvc_hidden-lg vc_hidden-md vc_hidden-sm\u00bb]<div class=\"dt-fancy-separator title-left h3-size style-disabled\" style=\"width: 100%;\"><div class=\"dt-fancy-title\"><span class=\"separator-holder separator-left\"><\/span>Switch Transaccional de Extensible Cash\u00ae<span class=\"separator-holder separator-right\"><\/span><\/div><\/div>[vc_column_text]El M\u00f3dulo Switch Transaccional de Extensible Cash\u00ae, permite la ejecuci\u00f3n de los m\u00f3dulos de Autorizaci\u00f3n, Captura y Switch de Medios de Pago Electr\u00f3nicos. Esencialmente se encarga de la Recepci\u00f3n de Peticiones desde las cajas o Puntos de Venta (Point Of Sale), el almacenamiento de las transacciones en una Base de datos para su procesamiento y la Comunicaci\u00f3n en L\u00ednea con las Empresas prestadoras de Servicio (EPS) para obtener la Autorizaci\u00f3n respectiva.[\/vc_column_text][vc_btn title=\u00bbVer m\u00e1s\u00bb style=\u00bboutline\u00bb color=\u00bbprimary\u00bb link=\u00bburl:http%3A%2F%2Fwww.cyc.cl%2Findex.php%2Fswitch-transaccional-xcash%2F|||\u00bb][\/vc_column][\/vc_row][vc_row][vc_column][vc_empty_space height=\u00bb20px\u00bb][vc_separator style=\u00bbdashed\u00bb border_width=\u00bb2&#8243; el_width=\u00bb80&#8243;][vc_empty_space height=\u00bb20px\u00bb][\/vc_column][\/vc_row][vc_row][vc_column width=\u00bb1\/6&#8243;][\/vc_column][vc_column width=\u00bb1\/4&#8243;][vc_single_image image=\u00bb15194&#8243; img_size=\u00bb300&#215;300&#8243; alignment=\u00bbcenter\u00bb style=\u00bbvc_box_border_circle_2&#8243; css_animation=\u00bbfadeIn\u00bb][\/vc_column][vc_column width=\u00bb1\/2&#8243;]<div class=\"dt-fancy-separator title-left h3-size style-disabled\" style=\"width: 100%;\"><div class=\"dt-fancy-title\"><span class=\"separator-holder separator-left\"><\/span>Documentos Tributarios Electr\u00f3nicos de Extensible Cash\u00ae<span class=\"separator-holder separator-right\"><\/span><\/div><\/div>[vc_column_text]Documentos Tributarios Electr\u00f3nicos de Extensible Cash\u00ae, permite la emisi\u00f3n de documentos tributarios electr\u00f3nicos en l\u00ednea o por lotes, desde los procesos de facturaci\u00f3n de la compa\u00f1\u00eda, de acuerdo a la resoluci\u00f3n respectiva emitida por el Servicio de Impuestos Internos (SII).[\/vc_column_text][vc_btn title=\u00bbVer m\u00e1s\u00bb style=\u00bboutline\u00bb color=\u00bbprimary\u00bb link=\u00bburl:http%3A%2F%2Fwww.cyc.cl%2Findex.php%2Fefectiva%2F|||\u00bb][\/vc_column][\/vc_row][vc_row][vc_column][vc_empty_space height=\u00bb20px\u00bb][vc_separator style=\u00bbdashed\u00bb border_width=\u00bb2&#8243; el_width=\u00bb80&#8243;][vc_empty_space height=\u00bb20px\u00bb][\/vc_column][\/vc_row][vc_row][vc_column width=\u00bb1\/6&#8243;][\/vc_column][vc_column width=\u00bb1\/2&#8243; offset=\u00bbvc_hidden-xs\u00bb]<div class=\"dt-fancy-separator title-left h3-size style-disabled\" style=\"width: 100%;\"><div class=\"dt-fancy-title\"><span class=\"separator-holder separator-left\"><\/span>M\u00f3dulo Argos de Extensible Cash \u00ae<span class=\"separator-holder separator-right\"><\/span><\/div><\/div>[vc_column_text]El M\u00f3dulo Argos de Extensible Cash \u00ae, es responsable de la vigilancia y detecci\u00f3n en tiempo real (Monitoreo) de eventuales errores en las diversas aplicaciones de la suite xCash perteneciente al cliente, ya sean problemas de hardware de Kioscos\/Cajas y\/o sus dispositivos, problemas en las aplicaciones, tales como sus procesos asociados, y transacciones.[\/vc_column_text][vc_btn title=\u00bbVer m\u00e1s\u00bb style=\u00bboutline\u00bb color=\u00bbprimary\u00bb link=\u00bburl:http%3A%2F%2Fwww.cyc.cl%2Findex.php%2Fargos%2F|||\u00bb][\/vc_column][vc_column width=\u00bb1\/4&#8243; offset=\u00bbvc_hidden-xs\u00bb][vc_single_image image=\u00bb15195&#8243; img_size=\u00bb300&#215;300&#8243; alignment=\u00bbcenter\u00bb style=\u00bbvc_box_border_circle_2&#8243; css_animation=\u00bbfadeIn\u00bb][\/vc_column][\/vc_row][vc_row][vc_column width=\u00bb1\/6&#8243;][\/vc_column][vc_column width=\u00bb1\/4&#8243; offset=\u00bbvc_hidden-lg vc_hidden-md vc_hidden-sm\u00bb][vc_single_image image=\u00bb15195&#8243; img_size=\u00bb300&#215;300&#8243; alignment=\u00bbcenter\u00bb style=\u00bbvc_box_border_circle_2&#8243; css_animation=\u00bbfadeIn\u00bb][\/vc_column][vc_column width=\u00bb1\/2&#8243; offset=\u00bbvc_hidden-lg vc_hidden-md vc_hidden-sm\u00bb]<div class=\"dt-fancy-separator title-left h3-size style-disabled\" style=\"width: 100%;\"><div class=\"dt-fancy-title\"><span class=\"separator-holder separator-left\"><\/span>M\u00f3dulo Argos de Extensible Cash \u00ae<span class=\"separator-holder separator-right\"><\/span><\/div><\/div>[vc_column_text]El M\u00f3dulo Argos de Extensible Cash \u00ae, es responsable de la vigilancia y detecci\u00f3n en tiempo real (Monitoreo) de eventuales errores en las diversas aplicaciones de la suite xCash perteneciente al cliente, ya sean problemas de hardware de Kioscos\/Cajas y\/o sus dispositivos, problemas en las aplicaciones, tales como sus procesos asociados, y transacciones.[\/vc_column_text][vc_btn title=\u00bbVer m\u00e1s\u00bb style=\u00bboutline\u00bb color=\u00bbprimary\u00bb link=\u00bburl:http%3A%2F%2Fwww.cyc.cl%2Findex.php%2Fargos%2F|||\u00bb][\/vc_column][\/vc_row][vc_row][vc_column][vc_empty_space height=\u00bb20px\u00bb][vc_separator style=\u00bbdashed\u00bb border_width=\u00bb2&#8243; el_width=\u00bb80&#8243;][vc_empty_space height=\u00bb20px\u00bb][\/vc_column][\/vc_row][vc_row][vc_column width=\u00bb1\/6&#8243;][\/vc_column][vc_column width=\u00bb1\/4&#8243;][vc_single_image image=\u00bb15204&#8243; img_size=\u00bb300&#215;300&#8243; alignment=\u00bbcenter\u00bb style=\u00bbvc_box_border_circle_2&#8243; css_animation=\u00bbfadeIn\u00bb][\/vc_column][vc_column width=\u00bb1\/2&#8243;]<div class=\"dt-fancy-separator title-left h3-size style-disabled\" style=\"width: 100%;\"><div class=\"dt-fancy-title\"><span class=\"separator-holder separator-left\"><\/span>Conciliador de Transacciones Extensible Cash\u00ae<span class=\"separator-holder separator-right\"><\/span><\/div><\/div>[vc_column_text]Orientado al transporte y proceso automatizado, en base a calendarios, de archivos para la cuadratura, conciliaci\u00f3n y rendici\u00f3n de todas las operaciones cursadas con empresas externas o prestadoras de servicios, Tales empresas pueden ser autorizadoras, bancos, procesadoras de medios de pagos electr\u00f3nicos, canales de recaudaci\u00f3n, y\/o de servicios de utilidad.[\/vc_column_text][vc_btn title=\u00bbVer m\u00e1s\u00bb style=\u00bboutline\u00bb color=\u00bbprimary\u00bb link=\u00bburl:http%3A%2F%2Fwww.cyc.cl%2Findex.php%2Fconciliador-de-transacciones-xcash%2F|||\u00bb][\/vc_column][\/vc_row][vc_row][vc_column][vc_empty_space height=\u00bb20px\u00bb][vc_separator style=\u00bbdashed\u00bb border_width=\u00bb2&#8243; el_width=\u00bb80&#8243;][vc_empty_space height=\u00bb20px\u00bb][\/vc_column][\/vc_row][vc_row][vc_column width=\u00bb1\/6&#8243;][\/vc_column][vc_column width=\u00bb1\/2&#8243;][vc_empty_space height=\u00bb20px\u00bb]<div class=\"dt-fancy-separator title-left h3-size style-disabled\" style=\"width: 100%;\"><div class=\"dt-fancy-title\"><span class=\"separator-holder separator-left\"><\/span>Resolutor\u00ae<span class=\"separator-holder separator-right\"><\/span><\/div><\/div>[vc_column_text]El M\u00f3dulo Resolutor de Extensible Cash \u00ae, cuyo objetivo principal es la autorizaci\u00f3n de transacciones en l\u00ednea, asumiendo el rol autorizador en el modelo de procesamiento de transacciones asociadas a tarjetas.<br \/>\n[\/vc_column_text][vc_btn title=\u00bbVer m\u00e1s\u00bb style=\u00bboutline\u00bb color=\u00bbprimary\u00bb link=\u00bburl:http%3A%2F%2Fwww.cyc.cl%2Findex.php%2Fresolutor%2F|||\u00bb][\/vc_column][vc_column width=\u00bb1\/4&#8243;][vc_single_image image=\u00bb15984&#8243; img_size=\u00bb300&#215;300&#8243; alignment=\u00bbcenter\u00bb style=\u00bbvc_box_border_circle_2&#8243; css_animation=\u00bbfadeIn\u00bb][\/vc_column][\/vc_row][vc_row][vc_column][vc_empty_space height=\u00bb20px\u00bb][\/vc_column][\/vc_row]<\/p>\n<\/div>","protected":false},"excerpt":{"rendered":"<p>[vc_row][vc_column width=\u00bb1\/6&#8243;][\/vc_column][vc_column width=\u00bb1\/4&#8243;][vc_single_image image=\u00bb15057&#8243; img_size=\u00bb300&#215;300&#8243; alignment=\u00bbcenter\u00bb style=\u00bbvc_box_border_circle_2&#8243; css_animation=\u00bbfadeIn\u00bb][\/vc_column][vc_column width=\u00bb1\/2&#8243;][vc_column_text]La aplicaci\u00f3n Efectiva Extensible Cash\u00ae, permite desplegar funcionalidad de recaudaci\u00f3n y pago de cuentas de m\u00faltiples empresas prestadoras de servicios (EPS), mediante diversos m\u00f3dulos de servicio como son: el Sitio Central, una caja de atenci\u00f3n presencial de p\u00fablico, y un Kiosco auto atendido. Efectiva permite el control&hellip;<\/p>\n","protected":false},"author":2,"featured_media":0,"parent":0,"menu_order":0,"comment_status":"closed","ping_status":"closed","template":"","meta":{"footnotes":""},"class_list":["post-14532","page","type-page","status-publish","hentry","description-off"],"_links":{"self":[{"href":"https:\/\/www.cyc.cl\/index.php\/wp-json\/wp\/v2\/pages\/14532","targetHints":{"allow":["GET"]}}],"collection":[{"href":"https:\/\/www.cyc.cl\/index.php\/wp-json\/wp\/v2\/pages"}],"about":[{"href":"https:\/\/www.cyc.cl\/index.php\/wp-json\/wp\/v2\/types\/page"}],"author":[{"embeddable":true,"href":"https:\/\/www.cyc.cl\/index.php\/wp-json\/wp\/v2\/users\/2"}],"replies":[{"embeddable":true,"href":"https:\/\/www.cyc.cl\/index.php\/wp-json\/wp\/v2\/comments?post=14532"}],"version-history":[{"count":0,"href":"https:\/\/www.cyc.cl\/index.php\/wp-json\/wp\/v2\/pages\/14532\/revisions"}],"wp:attachment":[{"href":"https:\/\/www.cyc.cl\/index.php\/wp-json\/wp\/v2\/media?parent=14532"}],"curies":[{"name":"wp","href":"https:\/\/api.w.org\/{rel}","templated":true}]}}