{"id":16005,"date":"2019-02-26T17:30:46","date_gmt":"2019-02-26T20:30:46","guid":{"rendered":"http:\/\/www.cyc.cl\/?page_id=16005"},"modified":"2022-06-28T17:18:32","modified_gmt":"2022-06-28T21:18:32","slug":"factura-electronica-2","status":"publish","type":"page","link":"https:\/\/www.cyc.cl\/index.php\/factura-electronica-2\/","title":{"rendered":"Factura Electr\u00f3nica"},"content":{"rendered":"<div class=\"wpb-content-wrapper\"><p>[vc_row type=\u00bbvc_default\u00bb full_width=\u00bbstretch_row_content\u00bb full_height=\u00bbyes\u00bb columns_placement=\u00bbtop\u00bb equal_height=\u00bbyes\u00bb content_placement=\u00bbmiddle\u00bb full_width_row=\u00bbtrue\u00bb bg_color=\u00bb#f6bd6f\u00bb bg_type=\u00bbbg_color\u00bb bg_color_value=\u00bb#008eca\u00bb css=\u00bb.vc_custom_1551725334432{background-color: #dbdbdb !important;}\u00bb][vc_column width=\u00bb1\/6&#8243; css=\u00bb.vc_custom_1551364518139{background-color: #008eca !important;}\u00bb][\/vc_column][vc_column width=\u00bb2\/3&#8243; css=\u00bb.vc_custom_1551725666464{background-color: #008eca !important;}\u00bb][vc_row_inner][vc_column_inner width=\u00bb1\/4&#8243;][vc_single_image image=\u00bb14583&#8243; img_size=\u00bb200&#215;150&#8243;][\/vc_column_inner][vc_column_inner width=\u00bb3\/4&#8243;]<div class=\"dt-fancy-separator title-left h1-size style-disabled\" style=\"width: 100%;\"><div class=\"dt-fancy-title\" style=\"color: #ffffff;\"><span class=\"separator-holder separator-left\"><\/span>Aplicaci\u00f3n Online<span class=\"separator-holder separator-right\"><\/span><\/div><\/div>[vc_column_text]<span style=\"color: #ffffff; font-size: 14pt;\">Sistema de factura\u00a0electronica online, con interfaz de usuario amigable e intuitiva, muy f\u00e1cil de usar.<\/span>[\/vc_column_text][vc_empty_space height=\u00bb15px\u00bb][\/vc_column_inner][\/vc_row_inner][\/vc_column][vc_column width=\u00bb1\/6&#8243; css=\u00bb.vc_custom_1551808423931{background-color: #008eca !important;}\u00bb][\/vc_column][\/vc_row][vc_row type=\u00bb2&#8243; full_width=\u00bbstretch_row_content\u00bb full_height=\u00bbyes\u00bb columns_placement=\u00bbtop\u00bb equal_height=\u00bbyes\u00bb content_placement=\u00bbmiddle\u00bb full_width_row=\u00bbtrue\u00bb bg_cover=\u00bbtrue\u00bb bg_attachment=\u00bbtrue\u00bb bg_type=\u00bbbg_color\u00bb bg_color_value=\u00bb#008eca\u00bb css=\u00bb.vc_custom_1551885670267{background-image: url(https:\/\/www.cyc.cl\/wp-content\/uploads\/2019\/03\/45293021-vista-superior-de-la-computadora-porta\u0301til-en-las-manos-de-la-muchacha-que-se-sienta-en-un-suelo-de-mad.jpg?id=16150) !important;}\u00bb bg_image=\u00bbhttps:\/\/www.cyc.cl\/wp-content\/uploads\/2019\/03\/45293021_m.jpg\u00bb][vc_column width=\u00bb1\/6&#8243;][\/vc_column][vc_column width=\u00bb2\/3&#8243;][vc_row_inner][vc_column_inner width=\u00bb1\/2&#8243;][vc_empty_space height=\u00bb50px\u00bb]<div class=\"dt-fancy-separator title-left h1-size style-disabled\" style=\"width: 100%;\"><div class=\"dt-fancy-title\" style=\"color: #0b2947;\"><span class=\"separator-holder separator-left\"><\/span>Documentos Tributarios Electr\u00f3nicos (DTE)<span class=\"separator-holder separator-right\"><\/span><\/div><\/div>[vc_empty_space height=\u00bb15px\u00bb]<div class=\"standard-arrow bullet-top\"><p><span style=\"color: #0b2947;\">(Documentos Tributarios Electr\u00f3nicos) de Extensible Cash\u00ae, permite la emisi\u00f3n de documentos tributarios electr\u00f3nicos en l\u00ednea o por lotes, desde los procesos de facturaci\u00f3n de la compa\u00f1\u00eda, de acuerdo a la resoluci\u00f3n respectiva emitida por el Servicio de Impuestos Internos (SII). Los documentos posibles de emitir son:<\/span><\/p>\n<ul>\n<li><span style=\"color: #0b2947;\">Facturas afectas y No afectas<\/span><\/li>\n<li><span style=\"color: #0b2947;\">Notas de Cr\u00e9dito y de D\u00e9bito<\/span><\/li>\n<li><span style=\"color: #0b2947;\">Gu\u00edas de Despacho<\/span><\/li>\n<li><span style=\"color: #0b2947;\">Facturas de Compra<\/span><\/li>\n<li><span style=\"color: #0b2947;\">Facturas de Exportaci\u00f3n<\/span><\/li>\n<li><span style=\"color: #0b2947;\">Boletas<\/span><\/li>\n<li><span style=\"color: #0b2947;\">Consumo de Folios<\/span><\/li>\n<li><span style=\"color: #0b2947;\">Libros Compra\/Venta\/Boletas<\/span><\/li>\n<\/ul>\n<\/div>[vc_empty_space height=\u00bb50px\u00bb][\/vc_column_inner][vc_column_inner width=\u00bb1\/2&#8243;][\/vc_column_inner][\/vc_row_inner][\/vc_column][vc_column width=\u00bb1\/6&#8243;][\/vc_column][\/vc_row][vc_row type=\u00bbvc_default\u00bb full_width=\u00bbstretch_row\u00bb gap=\u00bb20&#8243; margin_top=\u00bb5&#8243; margin_bottom=\u00bb10&#8243; bg_color=\u00bb#ffffff\u00bb bg_type=\u00bbimage\u00bb css=\u00bb.vc_custom_1655474873944{margin-bottom: 0px !important;background-color: #ffffff !important;background-position: center !important;background-repeat: no-repeat !important;background-size: cover !important;}\u00bb][vc_column width=\u00bb2\/3&#8243;][vc_empty_space height=\u00bb80px\u00bb][vc_row_inner gap=\u00bb10&#8243; css=\u00bb.vc_custom_1551732065545{border-top-width: 2px !important;border-right-width: 2px !important;border-bottom-width: 2px !important;border-left-width: 2px !important;background-color: #ffffff !important;border-left-color: #ededed !important;border-right-color: #ededed !important;border-top-color: #ededed !important;border-bottom-color: #ededed !important;}\u00bb][vc_column_inner css=\u00bb.vc_custom_1499290613763{background-color: rgba(255,255,255,0.8) !important;*background-color: rgb(255,255,255) !important;}\u00bb]<div class=\"dt-fancy-separator title-left h2-size style-disabled\" style=\"width: 100%;\"><div class=\"dt-fancy-title\" style=\"color: #003366;\"><span class=\"separator-holder separator-left\"><\/span>Beneficios<span class=\"separator-holder separator-right\"><\/span><\/div><\/div>[vc_empty_space height=\u00bb14px\u00bb]<section id=\"benefits-grid-1\" class=\"benefits-grid wf-container icons-bg custom-bg light-hover-bg light-icon-color light-icon-hover-color\" data-width=\"180px\" data-columns=\"3\"><style type=\"text\/css\">#benefits-grid-1.icons-bg .benefits-grid-ico { height: 70px; line-height: 70px; width: 70px; }#benefits-grid-1.icons-bg.custom-bg .benefits-grid-ico { background-color: ; }#benefits-grid-1.icons-bg .benefits-grid-ico > i { font-size: 36px; line-height: 70px; }<\/style><div class=\"wf-cell\"><div><div class=\"text-big\"><div class=\"benefit-line-decoration\"><span class=\"benefits-grid-ico\"><i class=\"fa fa-check\"><\/i><\/span><h5>Ahorro<\/h5><\/div><p>Tiempo y dinero en tus tr\u00e1mites tributarios.<\/p>\n<\/div><\/div><\/div><div class=\"wf-cell\"><div><div class=\"text-big\"><div class=\"benefit-line-decoration\"><span class=\"benefits-grid-ico\"><i class=\"fa fa-search\"><\/i><\/span><h5>Detalles<\/h5><\/div><p>Informaci\u00f3n de compras\/ventas, y libros contables.<\/p>\n<\/div><\/div><\/div><div class=\"wf-cell\"><div><div class=\"text-big\"><div class=\"benefit-line-decoration\"><span class=\"benefits-grid-ico\"><i class=\"fa fa-phone\"><\/i><\/span><h5>Soporte<\/h5><\/div><p>Entregamos asesor\u00eda y soporte t\u00e9cnico en todo el proceso.<\/p>\n<\/div><\/div><\/div><div class=\"wf-cell\"><div><div class=\"text-big\"><div class=\"benefit-line-decoration\"><span class=\"benefits-grid-ico\"><i class=\"fa fa-desktop\"><\/i><\/span><h5>Acceso<\/h5><\/div><p>Seguro, confiable y r\u00e1pido.<\/p>\n<\/div><\/div><\/div><div class=\"wf-cell\"><div><div class=\"text-big\"><div class=\"benefit-line-decoration\"><span class=\"benefits-grid-ico\"><i class=\"fa fa-certificate\"><\/i><\/span><h5>Incluye<\/h5><\/div><p>Certificado Digital.<\/p>\n<\/div><\/div><\/div><div class=\"wf-cell\"><div><div class=\"text-big\"><div class=\"benefit-line-decoration\"><span class=\"benefits-grid-ico\"><i class=\"fa fa-rocket\"><\/i><\/span><h5>Rapidez<\/h5><\/div><p>Env\u00edo de documentos desde la aplicaci\u00f3n a otras empresas.<\/p>\n<\/div><\/div><\/div><\/section>[\/vc_column_inner][\/vc_row_inner][vc_empty_space height=\u00bb80px\u00bb][\/vc_column][vc_column width=\u00bb1\/3&#8243; el_class=\u00bbposition: fixed\u00bb][vc_empty_space height=\u00bb80px\u00bb][vc_row_inner css=\u00bb.vc_custom_1551732056640{background-color: #ffffff !important;}\u00bb][vc_column_inner css=\u00bb.vc_custom_1554129535699{background-color: #00adf6 !important;}\u00bb]<div class=\"dt-fancy-separator title-left h3-size style-disabled\" style=\"width: 100%;\"><div class=\"dt-fancy-title\" style=\"color: #ffffff;\"><span class=\"separator-holder separator-left\"><\/span>Solicita info<span class=\"separator-holder separator-right\"><\/span><\/div><\/div>[vc_column_text]<span style=\"color: #ffffff;\">Planes a tu medida, te permiten ordenar y organizar tus tr\u00e1mites tributarios.<\/span>[\/vc_column_text][vc_empty_space height=\u00bb14px\u00bb]\n<div class=\"wpcf7 no-js\" id=\"wpcf7-f16137-o1\" lang=\"es-ES\" dir=\"ltr\" data-wpcf7-id=\"16137\">\n<div class=\"screen-reader-response\"><p role=\"status\" aria-live=\"polite\" aria-atomic=\"true\"><\/p> <ul><\/ul><\/div>\n<form action=\"\/index.php\/wp-json\/wp\/v2\/pages\/16005#wpcf7-f16137-o1\" method=\"post\" class=\"wpcf7-form init\" aria-label=\"Formulario de contacto\" novalidate=\"novalidate\" data-status=\"init\">\n<fieldset class=\"hidden-fields-container\"><input type=\"hidden\" name=\"_wpcf7\" value=\"16137\" \/><input type=\"hidden\" name=\"_wpcf7_version\" value=\"6.1.5\" \/><input type=\"hidden\" name=\"_wpcf7_locale\" value=\"es_ES\" \/><input type=\"hidden\" name=\"_wpcf7_unit_tag\" value=\"wpcf7-f16137-o1\" \/><input type=\"hidden\" name=\"_wpcf7_container_post\" value=\"0\" \/><input type=\"hidden\" name=\"_wpcf7_posted_data_hash\" value=\"\" \/>\n<\/fieldset>\n<p><label> Tu nombre (requerido)<br \/>\n<span class=\"wpcf7-form-control-wrap\" data-name=\"your-name\"><input size=\"40\" maxlength=\"400\" class=\"wpcf7-form-control wpcf7-text wpcf7-validates-as-required\" aria-required=\"true\" aria-invalid=\"false\" value=\"\" type=\"text\" name=\"your-name\" \/><\/span> <\/label>\n<\/p>\n<p><label> Tu correo electr\u00f3nico (requerido)<br \/>\n<span class=\"wpcf7-form-control-wrap\" data-name=\"your-email\"><input size=\"40\" maxlength=\"400\" class=\"wpcf7-form-control wpcf7-email wpcf7-validates-as-required wpcf7-text wpcf7-validates-as-email\" aria-required=\"true\" aria-invalid=\"false\" value=\"\" type=\"email\" name=\"your-email\" \/><\/span> <\/label>\n<\/p>\n<p><label> Asunto<br \/>\n<span class=\"wpcf7-form-control-wrap\" data-name=\"your-subject\"><input size=\"40\" maxlength=\"400\" class=\"wpcf7-form-control wpcf7-text\" aria-invalid=\"false\" value=\"\" type=\"text\" name=\"your-subject\" \/><\/span> <\/label>\n<\/p>\n<p><label> Tu mensaje<br \/>\n<span class=\"wpcf7-form-control-wrap\" data-name=\"your-message\"><textarea cols=\"40\" rows=\"10\" maxlength=\"2000\" class=\"wpcf7-form-control wpcf7-textarea\" aria-invalid=\"false\" name=\"your-message\"><\/textarea><\/span> <\/label>\n<\/p>\n<p><input class=\"wpcf7-form-control wpcf7-submit has-spinner\" type=\"submit\" value=\"Enviar\" \/>\n<\/p><div class=\"wpcf7-response-output\" aria-hidden=\"true\"><\/div>\n<\/form>\n<\/div>\n[\/vc_column_inner][\/vc_row_inner][vc_empty_space height=\u00bb80px\u00bb][\/vc_column][\/vc_row][vc_row type=\u00bbvc_default\u00bb full_width=\u00bbstretch_row_content\u00bb content_placement=\u00bbmiddle\u00bb disable_element=\u00bbyes\u00bb full_width_row=\u00bbtrue\u00bb bg_color=\u00bb#f6bd6f\u00bb bg_type=\u00bbbg_color\u00bb css=\u00bb.vc_custom_1568388734152{background-color: #f5bc75 !important;}\u00bb][vc_column width=\u00bb1\/6&#8243; css=\u00bb.vc_custom_1551808632912{background-color: #f5bc75 !important;}\u00bb][\/vc_column][vc_column width=\u00bb2\/3&#8243; css=\u00bb.vc_custom_1551808621492{background-color: #f5bc75 !important;}\u00bb]<div class=\"dt-fancy-separator title-left h1-size style-disabled\" style=\"width: 100%;\"><div class=\"dt-fancy-title\" style=\"color: #ffffff;\"><span class=\"separator-holder separator-left\"><\/span>Elige tu Plan<span class=\"separator-holder separator-right\"><\/span><\/div><\/div>[vc_column_text]<span style=\"color: #ffffff;\">Planes a tu medida, te permiten ordenar y organizar tus tr\u00e1mites tributarios.<\/span>[\/vc_column_text][vc_row_inner equal_height=\u00bbyes\u00bb gap=\u00bb15&#8243;][vc_column_inner width=\u00bb1\/3&#8243; css=\u00bb.vc_custom_1551384113534{background-color: #ffffff !important;}\u00bb]<div class=\"dt-fancy-separator h3-size style-disabled\" style=\"width: 100%;\"><div class=\"dt-fancy-title\" style=\"color: #003366;\"><span class=\"separator-holder separator-left\"><\/span>Plan B\u00e1sico<span class=\"separator-holder separator-right\"><\/span><\/div><\/div>[vc_separator el_width=\u00bb90&#8243;]<div class=\"standard-arrow bullet-top\"><ul style=\"list-style-type: circle;\">\n<li>Hasta 50 DTE por mes.<\/li>\n<li>Incluye set b\u00e1sico + gu\u00eda de despacho + boleta electr\u00f3nica.<\/li>\n<li>Incluye firma electr\u00f3nica\/certificado digital.<\/li>\n<li>Incluye m\u00f3dulos de gesti\u00f3n de inventario y cobranza.<\/li>\n<li>Incluye 1 usuario.<\/li>\n<\/ul>\n<\/div>[vc_empty_space height=\u00bb20px\u00bb][vc_btn title=\u00bbComprar\u00bb color=\u00bbprimary\u00bb size=\u00bblg\u00bb align=\u00bbcenter\u00bb i_icon_fontawesome=\u00bbfa fa-shopping-cart\u00bb button_block=\u00bbtrue\u00bb add_icon=\u00bbtrue\u00bb][\/vc_column_inner][vc_column_inner width=\u00bb1\/3&#8243; css=\u00bb.vc_custom_1551384124305{background-color: #ffffff !important;}\u00bb]<div class=\"dt-fancy-separator h3-size style-disabled\" style=\"width: 100%;\"><div class=\"dt-fancy-title\" style=\"color: #003366;\"><span class=\"separator-holder separator-left\"><\/span>Plan B\u00e1sico<span class=\"separator-holder separator-right\"><\/span><\/div><\/div>[vc_separator el_width=\u00bb90&#8243;]<div class=\"standard-arrow bullet-top\"><ul style=\"list-style-type: circle;\">\n<li>Hasta 50 DTE por mes.<\/li>\n<li>Incluye set b\u00e1sico + gu\u00eda de despacho + boleta electr\u00f3nica.<\/li>\n<li>Incluye firma electr\u00f3nica\/certificado digital.<\/li>\n<li>Incluye m\u00f3dulos de gesti\u00f3n de inventario y cobranza.<\/li>\n<li>Incluye 1 usuario.<\/li>\n<\/ul>\n<\/div>[vc_empty_space height=\u00bb20px\u00bb][vc_btn title=\u00bbComprar\u00bb color=\u00bbprimary\u00bb size=\u00bblg\u00bb align=\u00bbcenter\u00bb i_icon_fontawesome=\u00bbfa fa-shopping-cart\u00bb button_block=\u00bbtrue\u00bb add_icon=\u00bbtrue\u00bb][\/vc_column_inner][vc_column_inner width=\u00bb1\/3&#8243; css=\u00bb.vc_custom_1551384138017{background-color: #ffffff !important;}\u00bb]<div class=\"dt-fancy-separator h3-size style-disabled\" style=\"width: 100%;\"><div class=\"dt-fancy-title\" style=\"color: #003366;\"><span class=\"separator-holder separator-left\"><\/span>Plan B\u00e1sico<span class=\"separator-holder separator-right\"><\/span><\/div><\/div>[vc_separator el_width=\u00bb90&#8243;]<div class=\"standard-arrow bullet-top\"><ul style=\"list-style-type: circle;\">\n<li>Hasta 50 DTE por mes.<\/li>\n<li>Incluye set b\u00e1sico + gu\u00eda de despacho + boleta electr\u00f3nica.<\/li>\n<li>Incluye firma electr\u00f3nica\/certificado digital.<\/li>\n<li>Incluye m\u00f3dulos de gesti\u00f3n de inventario y cobranza.<\/li>\n<li>Incluye 1 usuario.<\/li>\n<\/ul>\n<\/div>[vc_empty_space height=\u00bb20px\u00bb][vc_btn title=\u00bbComprar\u00bb color=\u00bbprimary\u00bb size=\u00bblg\u00bb align=\u00bbcenter\u00bb i_icon_fontawesome=\u00bbfa fa-shopping-cart\u00bb button_block=\u00bbtrue\u00bb add_icon=\u00bbtrue\u00bb][\/vc_column_inner][\/vc_row_inner][vc_empty_space height=\u00bb50px\u00bb][\/vc_column][vc_column width=\u00bb1\/6&#8243; css=\u00bb.vc_custom_1551808608918{background-color: #f5bc75 !important;}\u00bb][\/vc_column][\/vc_row][vc_row type=\u00bbvc_default\u00bb full_width=\u00bbstretch_row_content\u00bb content_placement=\u00bbmiddle\u00bb disable_element=\u00bbyes\u00bb full_width_row=\u00bbtrue\u00bb bg_color=\u00bb#f6bd6f\u00bb bg_type=\u00bbbg_color\u00bb css=\u00bb.vc_custom_1656020598082{background-color: #ffffff !important;}\u00bb bg_color_value=\u00bb#ffffff\u00bb][vc_column width=\u00bb1\/6&#8243; css=\u00bb.vc_custom_1551727393418{background-color: #ffffff !important;}\u00bb][\/vc_column][vc_column width=\u00bb2\/3&#8243; css=\u00bb.vc_custom_1551727383078{background-color: #ffffff !important;}\u00bb][vc_row_inner equal_height=\u00bbyes\u00bb content_placement=\u00bbmiddle\u00bb gap=\u00bb15&#8243;][vc_column_inner width=\u00bb1\/2&#8243; css=\u00bb.vc_custom_1551384113534{background-color: #ffffff !important;}\u00bb]<div class=\"dt-fancy-separator title-left h1-size style-disabled\" style=\"width: 100%;\"><div class=\"dt-fancy-title\" style=\"color: #003366;\"><span class=\"separator-holder separator-left\"><\/span>Cont\u00e1ctanos<span class=\"separator-holder separator-right\"><\/span><\/div><\/div>[vc_column_text]Planes a tu medida, te permiten ordenar y organizar tus tr\u00e1mites tributarios.[\/vc_column_text][\/vc_column_inner][vc_column_inner width=\u00bb1\/2&#8243; css=\u00bb.vc_custom_1551384124305{background-color: #ffffff !important;}\u00bb]\n<div class=\"wpcf7 no-js\" id=\"wpcf7-f16145-o2\" lang=\"es-ES\" dir=\"ltr\" data-wpcf7-id=\"16145\">\n<div class=\"screen-reader-response\"><p role=\"status\" aria-live=\"polite\" aria-atomic=\"true\"><\/p> <ul><\/ul><\/div>\n<form action=\"\/index.php\/wp-json\/wp\/v2\/pages\/16005#wpcf7-f16145-o2\" method=\"post\" class=\"wpcf7-form init\" aria-label=\"Formulario de contacto\" novalidate=\"novalidate\" data-status=\"init\">\n<fieldset class=\"hidden-fields-container\"><input type=\"hidden\" name=\"_wpcf7\" value=\"16145\" \/><input type=\"hidden\" name=\"_wpcf7_version\" value=\"6.1.5\" \/><input type=\"hidden\" name=\"_wpcf7_locale\" value=\"es_ES\" \/><input type=\"hidden\" name=\"_wpcf7_unit_tag\" value=\"wpcf7-f16145-o2\" \/><input type=\"hidden\" name=\"_wpcf7_container_post\" value=\"0\" \/><input type=\"hidden\" name=\"_wpcf7_posted_data_hash\" value=\"\" \/>\n<\/fieldset>\n<p><label> Tu correo electr\u00f3nico (requerido)<br \/>\n<span class=\"wpcf7-form-control-wrap\" data-name=\"your-email\"><input size=\"40\" maxlength=\"400\" class=\"wpcf7-form-control wpcf7-email wpcf7-validates-as-required wpcf7-text wpcf7-validates-as-email\" aria-required=\"true\" aria-invalid=\"false\" value=\"\" type=\"email\" name=\"your-email\" \/><\/span> <\/label>\n<\/p>\n<p><input class=\"wpcf7-form-control wpcf7-submit has-spinner\" type=\"submit\" value=\"Enviar\" \/>\n<\/p><div class=\"wpcf7-response-output\" aria-hidden=\"true\"><\/div>\n<\/form>\n<\/div>\n[\/vc_column_inner][\/vc_row_inner][vc_empty_space height=\u00bb50px\u00bb][\/vc_column][vc_column width=\u00bb1\/6&#8243; css=\u00bb.vc_custom_1551727373705{background-color: #ffffff !important;}\u00bb][\/vc_column][\/vc_row][vc_row type=\u00bbvc_default\u00bb gap=\u00bb20&#8243; margin_top=\u00bb5&#8243; margin_bottom=\u00bb10&#8243; bg_color=\u00bb#ffffff\u00bb bg_type=\u00bbimage\u00bb bg_override=\u00bbfull\u00bb css=\u00bb.vc_custom_1551371598474{margin-bottom: 0px !important;background-position: center !important;background-repeat: no-repeat !important;background-size: cover !important;}\u00bb][vc_column][vc_empty_space height=\u00bb120px\u00bb]<div class=\"dt-fancy-separator title-left h2-size style-disabled\" style=\"width: 100%;\"><div class=\"dt-fancy-title\" style=\"color: #003366;\"><span class=\"separator-holder separator-left\"><\/span>Nuestros Clientes<span class=\"separator-holder separator-right\"><\/span><\/div><\/div>[vc_empty_space height=\u00bb20px\u00bb]<div id=\"ult-carousel-292923692569ebaab9285c9\" class=\"ult-carousel-wrapper   ult_horizontal\" data-gutter=\"15\" data-rtl=\"false\" ><div class=\"ult-carousel-77990024869ebaab9281b3 \" >[vc_single_image image=\u00bb16806&#8243; img_size=\u00bb300&#215;300&#8243;][vc_single_image image=\u00bb16851&#8243; img_size=\u00bb300&#215;300&#8243;][vc_single_image image=\u00bb16820&#8243; img_size=\u00bb300&#215;300&#8243; alignment=\u00bbcenter\u00bb][vc_single_image image=\u00bb16821&#8243; img_size=\u00bb300&#215;300&#8243; alignment=\u00bbcenter\u00bb][vc_single_image image=\u00bb16818&#8243; img_size=\u00bb300&#215;300&#8243;][vc_single_image image=\u00bb16808&#8243; img_size=\u00bb300&#215;300&#8243;][vc_single_image image=\u00bb16602&#8243; img_size=\u00bb300&#215;300&#8243;]<\/div><\/div>\t\t\t<script type=\"text\/javascript\">\n\t\t\t\tjQuery(document).ready(function ($) {\n\t\t\t\t\tif( typeof jQuery('.ult-carousel-77990024869ebaab9281b3').slick == \"function\"){\n\t\t\t\t\t\t$('.ult-carousel-77990024869ebaab9281b3').slick({dots: true,autoplay: true,autoplaySpeed: \"5000\",speed: \"300\",infinite: true,arrows: true,nextArrow: '<button type=\"button\" role=\"button\" aria-label=\"Next\" style=\"color:#333333; font-size:20px;\" class=\"slick-next default\"><i class=\"ultsl-arrow-right4\"><\/i><\/button>',prevArrow: '<button type=\"button\" role=\"button\" aria-label=\"Previous\" style=\"color:#333333; font-size:20px;\" class=\"slick-prev default\"><i class=\"ultsl-arrow-left4\"><\/i><\/button>',slidesToScroll:5,slidesToShow:5,swipe: true,draggable: true,touchMove: true,pauseOnHover: true,pauseOnFocus: false,responsive: [\n\t\t\t\t\t\t\t{\n\t\t\t\t\t\t\t  breakpoint: 1026,\n\t\t\t\t\t\t\t  settings: {\n\t\t\t\t\t\t\t\tslidesToShow: 5,\n\t\t\t\t\t\t\t\tslidesToScroll: 5,  \n\t\t\t\t\t\t\t  }\n\t\t\t\t\t\t\t},\n\t\t\t\t\t\t\t{\n\t\t\t\t\t\t\t  breakpoint: 1025,\n\t\t\t\t\t\t\t  settings: {\n\t\t\t\t\t\t\t\tslidesToShow: 3,\n\t\t\t\t\t\t\t\tslidesToScroll: 3\n\t\t\t\t\t\t\t  }\n\t\t\t\t\t\t\t},\n\t\t\t\t\t\t\t{\n\t\t\t\t\t\t\t  breakpoint: 760,\n\t\t\t\t\t\t\t  settings: {\n\t\t\t\t\t\t\t\tslidesToShow: 2,\n\t\t\t\t\t\t\t\tslidesToScroll: 2\n\t\t\t\t\t\t\t  }\n\t\t\t\t\t\t\t}\n\t\t\t\t\t\t],pauseOnDotsHover: true,customPaging: function(slider, i) {\n                   return '<i type=\"button\" style= \"color:#333333;\" class=\"ultsl-record\" data-role=\"none\"><\/i>';\n                },});\n\t\t\t\t\t}\n\t\t\t\t});\n\t\t\t<\/script>\n\t\t\t[vc_empty_space height=\u00bb14px\u00bb][\/vc_column][\/vc_row]<\/p>\n<\/div>","protected":false},"excerpt":{"rendered":"<p>[vc_row type=\u00bbvc_default\u00bb full_width=\u00bbstretch_row_content\u00bb full_height=\u00bbyes\u00bb columns_placement=\u00bbtop\u00bb equal_height=\u00bbyes\u00bb content_placement=\u00bbmiddle\u00bb full_width_row=\u00bbtrue\u00bb bg_color=\u00bb#f6bd6f\u00bb bg_type=\u00bbbg_color\u00bb bg_color_value=\u00bb#008eca\u00bb css=\u00bb.vc_custom_1551725334432{background-color: #dbdbdb !important;}\u00bb][vc_column width=\u00bb1\/6&#8243; css=\u00bb.vc_custom_1551364518139{background-color: #008eca !important;}\u00bb][\/vc_column][vc_column width=\u00bb2\/3&#8243; css=\u00bb.vc_custom_1551725666464{background-color: #008eca !important;}\u00bb][vc_row_inner][vc_column_inner width=\u00bb1\/4&#8243;][vc_single_image image=\u00bb14583&#8243; img_size=\u00bb200&#215;150&#8243;][\/vc_column_inner][vc_column_inner width=\u00bb3\/4&#8243;][vc_column_text]Sistema de factura\u00a0electronica online, con interfaz de usuario amigable e intuitiva, muy f\u00e1cil de usar.[\/vc_column_text][vc_empty_space height=\u00bb15px\u00bb][\/vc_column_inner][\/vc_row_inner][\/vc_column][vc_column width=\u00bb1\/6&#8243; css=\u00bb.vc_custom_1551808423931{background-color: #008eca !important;}\u00bb][\/vc_column][\/vc_row][vc_row type=\u00bb2&#8243; full_width=\u00bbstretch_row_content\u00bb full_height=\u00bbyes\u00bb columns_placement=\u00bbtop\u00bb equal_height=\u00bbyes\u00bb content_placement=\u00bbmiddle\u00bb full_width_row=\u00bbtrue\u00bb bg_cover=\u00bbtrue\u00bb bg_attachment=\u00bbtrue\u00bb bg_type=\u00bbbg_color\u00bb&hellip;<\/p>\n","protected":false},"author":2,"featured_media":0,"parent":0,"menu_order":0,"comment_status":"closed","ping_status":"closed","template":"","meta":{"footnotes":""},"class_list":["post-16005","page","type-page","status-publish","hentry","description-off"],"_links":{"self":[{"href":"https:\/\/www.cyc.cl\/index.php\/wp-json\/wp\/v2\/pages\/16005","targetHints":{"allow":["GET"]}}],"collection":[{"href":"https:\/\/www.cyc.cl\/index.php\/wp-json\/wp\/v2\/pages"}],"about":[{"href":"https:\/\/www.cyc.cl\/index.php\/wp-json\/wp\/v2\/types\/page"}],"author":[{"embeddable":true,"href":"https:\/\/www.cyc.cl\/index.php\/wp-json\/wp\/v2\/users\/2"}],"replies":[{"embeddable":true,"href":"https:\/\/www.cyc.cl\/index.php\/wp-json\/wp\/v2\/comments?post=16005"}],"version-history":[{"count":0,"href":"https:\/\/www.cyc.cl\/index.php\/wp-json\/wp\/v2\/pages\/16005\/revisions"}],"wp:attachment":[{"href":"https:\/\/www.cyc.cl\/index.php\/wp-json\/wp\/v2\/media?parent=16005"}],"curies":[{"name":"wp","href":"https:\/\/api.w.org\/{rel}","templated":true}]}}