{"id":16218,"date":"2019-07-19T17:51:41","date_gmt":"2019-07-19T21:51:41","guid":{"rendered":"http:\/\/www.cyc.cl\/?page_id=16218"},"modified":"2019-07-31T11:15:35","modified_gmt":"2019-07-31T15:15:35","slug":"proyectos_cyc","status":"publish","type":"page","link":"https:\/\/www.cyc.cl\/index.php\/proyectos_cyc\/","title":{"rendered":"Proyectos Cyc"},"content":{"rendered":"<div class=\"wpb-content-wrapper\"><p>[vc_row type=\u00bbvc_default\u00bb gap=\u00bb5&#8243; content_placement=\u00bbmiddle\u00bb css=\u00bb.vc_custom_1564585835750{margin-bottom: 0px !important;border-top-width: 1px !important;border-right-width: 1px !important;border-bottom-width: 1px !important;border-left-width: 1px !important;}\u00bb][vc_column width=\u00bb1\/3&#8243; css=\u00bb.vc_custom_1564585379370{margin-top: 0px !important;}\u00bb][vc_single_image image=\u00bb15214&#8243; img_size=\u00bb342&#215;167&#8243; alignment=\u00bbcenter\u00bb][\/vc_column][vc_column width=\u00bb2\/3&#8243;][vc_empty_space height=\u00bb30px\u00bb][vc_column_text css=\u00bb.vc_custom_1564585209309{margin-bottom: 10px !important;}\u00bb]<\/p>\n<p style=\"text-align: left;\"><span style=\"color: #003366;\"><span style=\"font-size: x-large;\"><strong>Tesorer\u00eda general de la Rep\u00fablica<\/strong><\/span><\/span><\/p>\n<p>[\/vc_column_text][vc_column_text css=\u00bb.vc_custom_1564585745205{margin-top: 0px !important;}\u00bb]<span style=\"color: #003366; font-size: 10,5pt;\"><span style=\"font-size: 12pt;\"><strong>Sistemas de registro de cargo, pago y conciliaci\u00f3n contable.<\/strong><\/span><br \/>\nDise\u00f1o, construcci\u00f3n y puesta en producci\u00f3n de los sistemas centrales de Tesorer\u00eda General de la Rep\u00fablica (TGR). En la etapa de modernizaci\u00f3n del estado TGR licita el cambio de su sistema central que ha tenido y desarrollado por m\u00e1s de veinticinco a\u00f1os en una arquitectura propietaria VAX\/VMS a tecnolog\u00edas abiertas y en boga UNIX, Oracle, Weblogic, en esta nueva arquitectura se deben desarrollar los nuevos sistemas de TGR, conocidos como Sistemas de registro de cargo, pago y conciliaci\u00f3n contable en los cuales se agrupan los siguientes sistemas, m\u00f3dulos y aplicaciones:<\/span>[\/vc_column_text][\/vc_column][\/vc_row][vc_row type=\u00bbvc_default\u00bb gap=\u00bb5&#8243; content_placement=\u00bbmiddle\u00bb css=\u00bb.vc_custom_1564585820037{margin-top: 0px !important;border-top-width: 1px !important;border-right-width: 1px !important;border-bottom-width: 1px !important;border-left-width: 1px !important;}\u00bb][vc_column width=\u00bb1\/3&#8243; css=\u00bb.vc_custom_1564585379370{margin-top: 0px !important;}\u00bb][\/vc_column][vc_column width=\u00bb2\/3&#8243;][vc_column_text css=\u00bb.vc_custom_1564585730956{margin-top: 0px !important;}\u00bb]<\/p>\n<ul>\n<li style=\"list-style-type: none; color: #003366;\">\n<ul>\n<li>Sistema de administraci\u00f3n de tablas y par\u00e1metros generales.<\/li>\n<li>Sistema de control de acceso.<\/li>\n<li>Sistema de clientes.<\/li>\n<li>Sistema de bienes de contribuyentes.<\/li>\n<li>Sistema de administraci\u00f3n de formularios, reglas de proceso y contables.<\/li>\n<li>Sistema de registro de obligaciones, que corresponden a las deudas de los contribuyentes con los servicios del estado.<\/li>\n<li>Sistema de registro de pagos de las obligaciones.<\/li>\n<li>Sistema de registro de modificaciones de obligaciones y pagos.<\/li>\n<li>Sistema de control de las recaudaciones efectuadas.<\/li>\n<li>Sistema de contabilidad.<\/li>\n<li>Sistema de control de movimientos y conciliaci\u00f3n.<\/li>\n<li>M\u00f3dulo de migraci\u00f3n de la informaci\u00f3n, de la anterior plataforma a la nueva.<\/li>\n<li>M\u00f3dulo de entrada de datos masiva.<\/li>\n<li>Sistema de consultas de la informaci\u00f3n de la cuenta \u00fanica tributaria.<\/li>\n<li>M\u00f3dulo de administraci\u00f3n y explotaci\u00f3n.<\/li>\n<li>Esta aplicaci\u00f3n es la m\u00e1s extensa en tiempo de desarrollo (seis a\u00f1os), realizada por la empresa.<\/li>\n<\/ul>\n<\/li>\n<\/ul>\n<p>[\/vc_column_text][\/vc_column][\/vc_row][vc_row type=\u00bbvc_default\u00bb gap=\u00bb5&#8243; content_placement=\u00bbmiddle\u00bb css=\u00bb.vc_custom_1563573479076{border-top-width: 1px !important;border-right-width: 1px !important;border-bottom-width: 1px !important;border-left-width: 1px !important;background-color: #ffffff !important;}\u00bb][vc_column][vc_separator el_width=\u00bb80&#8243;][\/vc_column][\/vc_row][vc_row type=\u00bbvc_default\u00bb gap=\u00bb5&#8243; content_placement=\u00bbmiddle\u00bb css=\u00bb.vc_custom_1563575051889{border-top-width: 1px !important;border-right-width: 1px !important;border-bottom-width: 1px !important;border-left-width: 1px !important;}\u00bb][vc_column width=\u00bb1\/3&#8243;][vc_single_image image=\u00bb16219&#8243; img_size=\u00bb342&#215;167&#8243;][\/vc_column][vc_column width=\u00bb2\/3&#8243;][vc_empty_space height=\u00bb30px\u00bb][vc_column_text css=\u00bb.vc_custom_1563573316769{margin-bottom: 10px !important;}\u00bb]<\/p>\n<p style=\"text-align: left;\"><span style=\"color: #003366;\"><span style=\"font-size: x-large;\"><strong>Scotiabank-Cencosud\u00a0<\/strong><\/span><\/span><\/p>\n<p>[\/vc_column_text][vc_column_text css=\u00bb.vc_custom_1563572905302{margin-top: 0px !important;}\u00bb]<span style=\"color: #003366; font-size: 10,5pt;\">Proyecto de nuestro Switch Transaccional xCash el cual recibe todas las conexiones de diversos comercios con convenio m\u00e1s sus tiendas ancla, el objetivo que cumple nuestro switch es darle inteligencia a la red transaccional validando los comercios y sus respectivas transacciones, dar una conectividad robusta y proteger el autorizador de eventuales transacciones no deseadas. El proyecto lleva m\u00e1s de 15 a\u00f1os en producci\u00f3n y ha sido un \u00e9xito comercial para nuestro cliente.<\/span>[\/vc_column_text][\/vc_column][\/vc_row][vc_row type=\u00bbvc_default\u00bb gap=\u00bb5&#8243; content_placement=\u00bbmiddle\u00bb css=\u00bb.vc_custom_1563573479076{border-top-width: 1px !important;border-right-width: 1px !important;border-bottom-width: 1px !important;border-left-width: 1px !important;background-color: #ffffff !important;}\u00bb][vc_column][vc_separator el_width=\u00bb80&#8243;][\/vc_column][\/vc_row][vc_row type=\u00bbvc_default\u00bb gap=\u00bb5&#8243; content_placement=\u00bbmiddle\u00bb css=\u00bb.vc_custom_1563575068481{border-top-width: 1px !important;border-right-width: 1px !important;border-bottom-width: 1px !important;border-left-width: 1px !important;}\u00bb][vc_column width=\u00bb1\/3&#8243;][vc_single_image image=\u00bb15787&#8243; img_size=\u00bb342&#215;167&#8243;][\/vc_column][vc_column width=\u00bb2\/3&#8243;][vc_empty_space height=\u00bb30px\u00bb][vc_column_text css=\u00bb.vc_custom_1563573538715{margin-bottom: 10px !important;}\u00bb]<\/p>\n<p style=\"text-align: left;\"><span style=\"color: #003366;\"><span style=\"font-size: x-large;\"><strong>Unired<\/strong><\/span><\/span><\/p>\n<p>[\/vc_column_text][vc_column_text css=\u00bb.vc_custom_1563573560172{margin-top: 0px !important;}\u00bb]<span style=\"color: #003366; font-size: 10,5pt;\">Este proyecto fue implementar nuestro software de recaudaciones xCash Efectiva con su modulo de kiosco y sitio central, el sistema tiene implementado todo un hub de pagos integrado con diversas empresas online y standin, Unired hoy tiene m\u00e1s de 130 empresas y todas ellas son recaudadas con nuestro sistema. Nuestro producto se ha convertido en el core de esta compa\u00f1\u00eda y juntos hemos logrado tener \u00e9xito en los objetivos de nuestro cliente.<\/span>[\/vc_column_text][\/vc_column][\/vc_row][vc_row type=\u00bbvc_default\u00bb gap=\u00bb5&#8243; content_placement=\u00bbmiddle\u00bb css=\u00bb.vc_custom_1563573479076{border-top-width: 1px !important;border-right-width: 1px !important;border-bottom-width: 1px !important;border-left-width: 1px !important;background-color: #ffffff !important;}\u00bb][vc_column][vc_separator el_width=\u00bb80&#8243;][\/vc_column][\/vc_row][vc_row type=\u00bbvc_default\u00bb gap=\u00bb5&#8243; content_placement=\u00bbmiddle\u00bb css=\u00bb.vc_custom_1563575077384{border-top-width: 1px !important;border-right-width: 1px !important;border-bottom-width: 1px !important;border-left-width: 1px !important;}\u00bb][vc_column width=\u00bb1\/3&#8243;][vc_single_image image=\u00bb16229&#8243; img_size=\u00bb342&#215;261&#8243;][\/vc_column][vc_column width=\u00bb2\/3&#8243;][vc_empty_space height=\u00bb30px\u00bb][vc_column_text css=\u00bb.vc_custom_1563573668384{margin-bottom: 10px !important;}\u00bb]<\/p>\n<p style=\"text-align: left;\"><span style=\"color: #003366;\"><span style=\"font-size: x-large;\"><strong>Corona<\/strong><\/span><\/span><\/p>\n<p>[\/vc_column_text][vc_column_text css=\u00bb.vc_custom_1563573685447{margin-top: 0px !important;}\u00bb]<span style=\"color: #003366; font-size: 10,5pt;\">Implementaci\u00f3n de nuestro switch transaccional xCash, este proyecto reciente ha sido un proceso de modernizaci\u00f3n de la plataforma financiera de nuestro cliente, en el cual tuvimos que reemplazar el sistema legado en su totalidad, para as\u00ed atender tanto a las cajas de la multitienda como a los comercios adheridos a la tarjeta Corona, el proyecto implementa todas las transacciones de la tarjeta propia m\u00e1s el host to host de Transbank, adicionalmente se ha implementado nuestro sistema de Concilia para poder parear las transacciones con los distintos canales, junto con nuestro cliente hemos logrado aumentar de forma significativa el uptime y la funcionalidad de la red transaccional.<\/span>[\/vc_column_text][\/vc_column][\/vc_row][vc_row type=\u00bbvc_default\u00bb gap=\u00bb5&#8243; content_placement=\u00bbmiddle\u00bb css=\u00bb.vc_custom_1563573479076{border-top-width: 1px !important;border-right-width: 1px !important;border-bottom-width: 1px !important;border-left-width: 1px !important;background-color: #ffffff !important;}\u00bb][vc_column][vc_separator el_width=\u00bb80&#8243;][\/vc_column][\/vc_row][vc_row type=\u00bbvc_default\u00bb gap=\u00bb5&#8243; content_placement=\u00bbmiddle\u00bb css=\u00bb.vc_custom_1563575086699{border-top-width: 1px !important;border-right-width: 1px !important;border-bottom-width: 1px !important;border-left-width: 1px !important;}\u00bb][vc_column width=\u00bb1\/3&#8243;][vc_single_image image=\u00bb16230&#8243; img_size=\u00bb342&#215;167&#8243;][\/vc_column][vc_column width=\u00bb2\/3&#8243;][vc_empty_space height=\u00bb30px\u00bb][vc_column_text css=\u00bb.vc_custom_1563574270776{margin-bottom: 10px !important;}\u00bb]<\/p>\n<p style=\"text-align: left;\"><span style=\"color: #003366;\"><span style=\"font-size: x-large;\"><strong>Banco Internacional<\/strong><\/span><\/span><\/p>\n<p>[\/vc_column_text][vc_column_text css=\u00bb.vc_custom_1563574298692{margin-top: 0px !important;}\u00bb]<span style=\"color: #003366; font-size: 10,5pt;\">El proyecto fue participar de la renovaci\u00f3n del core de este Banco, para lo cual implementamos toda la conectividad para sus productos en la red de debito nacional de Redbanc, con nuestro switch transaccional nuestro cliente logro comenzar un nuevo periodo para la banca personas y asi potenciar su market share en el mercado nacional.<\/span>[\/vc_column_text][\/vc_column][\/vc_row][vc_row type=\u00bbvc_default\u00bb gap=\u00bb5&#8243; content_placement=\u00bbmiddle\u00bb css=\u00bb.vc_custom_1563573479076{border-top-width: 1px !important;border-right-width: 1px !important;border-bottom-width: 1px !important;border-left-width: 1px !important;background-color: #ffffff !important;}\u00bb][vc_column][vc_separator el_width=\u00bb80&#8243;][\/vc_column][\/vc_row][vc_row type=\u00bbvc_default\u00bb gap=\u00bb5&#8243; content_placement=\u00bbmiddle\u00bb css=\u00bb.vc_custom_1563575095387{border-top-width: 1px !important;border-right-width: 1px !important;border-bottom-width: 1px !important;border-left-width: 1px !important;}\u00bb][vc_column width=\u00bb1\/3&#8243;][vc_single_image image=\u00bb15806&#8243; img_size=\u00bb320&#215;200&#8243;][\/vc_column][vc_column width=\u00bb2\/3&#8243;][vc_empty_space height=\u00bb30px\u00bb][vc_column_text css=\u00bb.vc_custom_1563574870402{margin-bottom: 10px !important;}\u00bb]<\/p>\n<p style=\"text-align: left;\"><span style=\"color: #003366;\"><span style=\"font-size: x-large;\"><strong>Banco Security<\/strong><\/span><\/span><\/p>\n<p>[\/vc_column_text][vc_column_text css=\u00bb.vc_custom_1563574887358{margin-top: 0px !important;}\u00bb]<span style=\"color: #003366; font-size: 10,5pt;\">La implementaci\u00f3n de este proyecto fue realizar la integraci\u00f3n del nuevo core del banco para sus productos de d\u00e9bito y relacionados a trav\u00e9s de nuestro switch xCash, el resultado de la implementaci\u00f3n fue muy exitoso ya que la continuidad operacional fue aumentada fuertemente con un servicio 24&#215;7 de alta disponibilidad.<\/span>[\/vc_column_text][\/vc_column][\/vc_row]<\/p>\n<\/div>","protected":false},"excerpt":{"rendered":"<p>[vc_row type=\u00bbvc_default\u00bb gap=\u00bb5&#8243; content_placement=\u00bbmiddle\u00bb css=\u00bb.vc_custom_1564585835750{margin-bottom: 0px !important;border-top-width: 1px !important;border-right-width: 1px !important;border-bottom-width: 1px !important;border-left-width: 1px !important;}\u00bb][vc_column width=\u00bb1\/3&#8243; css=\u00bb.vc_custom_1564585379370{margin-top: 0px !important;}\u00bb][vc_single_image image=\u00bb15214&#8243; img_size=\u00bb342&#215;167&#8243; alignment=\u00bbcenter\u00bb][\/vc_column][vc_column width=\u00bb2\/3&#8243;][vc_empty_space height=\u00bb30px\u00bb][vc_column_text css=\u00bb.vc_custom_1564585209309{margin-bottom: 10px !important;}\u00bb] Tesorer\u00eda general de la Rep\u00fablica [\/vc_column_text][vc_column_text css=\u00bb.vc_custom_1564585745205{margin-top: 0px !important;}\u00bb]Sistemas de registro de cargo, pago y conciliaci\u00f3n contable. Dise\u00f1o, construcci\u00f3n y puesta en producci\u00f3n de los sistemas centrales de&hellip;<\/p>\n","protected":false},"author":2,"featured_media":0,"parent":0,"menu_order":0,"comment_status":"closed","ping_status":"closed","template":"","meta":{"footnotes":""},"class_list":["post-16218","page","type-page","status-publish","hentry","description-off"],"_links":{"self":[{"href":"https:\/\/www.cyc.cl\/index.php\/wp-json\/wp\/v2\/pages\/16218","targetHints":{"allow":["GET"]}}],"collection":[{"href":"https:\/\/www.cyc.cl\/index.php\/wp-json\/wp\/v2\/pages"}],"about":[{"href":"https:\/\/www.cyc.cl\/index.php\/wp-json\/wp\/v2\/types\/page"}],"author":[{"embeddable":true,"href":"https:\/\/www.cyc.cl\/index.php\/wp-json\/wp\/v2\/users\/2"}],"replies":[{"embeddable":true,"href":"https:\/\/www.cyc.cl\/index.php\/wp-json\/wp\/v2\/comments?post=16218"}],"version-history":[{"count":0,"href":"https:\/\/www.cyc.cl\/index.php\/wp-json\/wp\/v2\/pages\/16218\/revisions"}],"wp:attachment":[{"href":"https:\/\/www.cyc.cl\/index.php\/wp-json\/wp\/v2\/media?parent=16218"}],"curies":[{"name":"wp","href":"https:\/\/api.w.org\/{rel}","templated":true}]}}