{"id":835,"date":"2014-03-18T10:02:39","date_gmt":"2014-03-18T10:02:39","guid":{"rendered":"http:\/\/the7.dream-demo.com\/business\/?page_id=5"},"modified":"2022-07-12T17:48:52","modified_gmt":"2022-07-12T21:48:52","slug":"nosotros","status":"publish","type":"page","link":"https:\/\/www.cyc.cl\/index.php\/nosotros\/","title":{"rendered":"Nosotros"},"content":{"rendered":"<div class=\"wpb-content-wrapper\"><p>[vc_row margin_top=\u00bb55&#8243; margin_bottom=\u00bb-30&#8243;][vc_column width=\u00bb1\/2&#8243;][vc_column_text]<\/p>\n<h3>Nuestra Empresa<\/h3>\n<p>[\/vc_column_text][vc_empty_space height=\u00bb40px\u00bb][vc_row_inner][vc_column_inner][vc_column_text]Computaci\u00f3n y Comunicaciones S.A. (C&amp;C) fue creada en 1990 y durante su trayectoria, ha prestado servicios especializados en las \u00e1reas de telecomunicaciones, inform\u00e1tica y computaci\u00f3n, en diversos sectores de la econom\u00eda tanto a la empresa privada como p\u00fablica.[\/vc_column_text][vc_column_text]C&amp;C se distingue por ser una empresa eminentemente t\u00e9cnica, que en su corta vida se ha dedicado exclusivamente al desarrollo de aplicaciones en tecnolog\u00eda de la informaci\u00f3n y las comunicaciones, manteniendo una dotaci\u00f3n permanente de expertos (60) todos ellos con estudios superiores en la materia y amplia experiencia tanto en Chile como el extranjero.[\/vc_column_text][\/vc_column_inner][\/vc_row_inner][vc_empty_space height=\u00bb24px\u00bb][\/vc_column][vc_column width=\u00bb1\/2&#8243;][vc_empty_space height=\u00bb40px\u00bb][vc_single_image image=\u00bb16406&#8243; img_size=\u00bb1000&#215;300&#8243;][\/vc_column][\/vc_row][vc_row type=\u00bbvc_default\u00bb full_width=\u00bbstretch_row_content\u00bb margin_top=\u00bb55&#8243; margin_bottom=\u00bb-30&#8243; bg_type=\u00bbbg_color\u00bb css=\u00bb.vc_custom_1655417107010{margin-bottom: -30px !important;}\u00bb bg_color_value=\u00bb#f9f9fa\u00bb][vc_column width=\u00bb1\/6&#8243;][\/vc_column][vc_column width=\u00bb2\/3&#8243;][vc_empty_space height=\u00bb80px\u00bb][vc_row_inner][vc_column_inner width=\u00bb1\/2&#8243;][vc_column_text css_animation=\u00bbfadeIn\u00bb]<ul class=\"standard-arrow bullet-top\"><li><p>Recaudaciones.<\/p>\n<\/li><li><p>Desarrollo de sistemas computacionales.<\/p>\n<\/li><li><p>Integraci\u00f3n de aplicaciones inform\u00e1ticas.<\/p>\n<\/li><li><p>Evaluaci\u00f3n de equipos instalaciones y sistemas de informaci\u00f3n computacional.<\/p>\n<\/li><li><p>Asesor\u00eda, soporte t\u00e9cnico, dise\u00f1o y gesti\u00f3n de redes de comunicaciones.<\/p>\n<\/li><li><p>Capacitaci\u00f3n.<\/p>\n<\/li><li><p>Outsourcing de RRHH especializados.<\/p>\n<\/li><li><p>Auditor\u00eda de sistemas computacionales.<\/p>\n<\/li><\/ul>[\/vc_column_text][\/vc_column_inner][vc_column_inner width=\u00bb1\/2&#8243;][vc_raw_html]JTNDdmlkZW8lMjBpZCUzRCUyMnNhbXBsZU1vdmllJTIyJTIwc3JjJTNEJTIyaHR0cCUzQSUyRiUyRnd3dy5jeWMuY2wlMkZ3cC1jb250ZW50JTJGdXBsb2FkcyUyRnNpdGVzJTJGOSUyRjIwMTklMkYwMSUyRnZpZGVvX2NvcnBvcmF0aXZvX2N5Y184MDB4NDUwLm1wNCUyMiUyMGNvbnRyb2xzJTNEJTIyY29udHJvbHMlMjIlM0UlM0MlMkZ2aWRlbyUzRSUwQQ==[\/vc_raw_html][\/vc_column_inner][\/vc_row_inner][vc_empty_space height=\u00bb80px\u00bb][\/vc_column][vc_column width=\u00bb1\/6&#8243;][\/vc_column][\/vc_row][vc_row type=\u00bbvc_default\u00bb full_width=\u00bbstretch_row\u00bb][vc_column width=\u00bb1\/6&#8243;][\/vc_column][vc_column width=\u00bb2\/3&#8243;][vc_empty_space height=\u00bb80px\u00bb][vc_row_inner][vc_column_inner width=\u00bb1\/4&#8243;][vc_column_text]<\/p>\n<p style=\"text-align: center;\"><span style=\"font-family: helvetica, arial, sans-serif; font-size: 12pt; color: #0b2947;\"><strong>Sobre<\/strong><\/span><\/p>\n<p>[\/vc_column_text]<div class=\"stats-block stats-top  \"><div class=\"aio-icon-top\"><div class=\"ult-just-icon-wrapper  \"><div class=\"align-icon\" style=\"text-align:center;\"><\/div><\/div><\/div><div class=\"stats-desc\" id=\"counter-responsv-wrap-7102\"><div id=\"counter_31494428276a007ffb37af2\" data-id=\"counter_31494428276a007ffb37af2\"  data-ultimate-target='#counter-responsv-wrap-7102 .stats-number'  data-responsive-json-new='{\"font-size\":\"desktop:60px;\",\"line-height\":\"\"}'  class=\"stats-number ult-responsive\" style=\" color:#0b2947; font-weight:bold;color:#96bc20;\" data-speed=\"3\" data-counter-value=\"100\" data-separator=\"none\" data-decimal=\"none\">0<\/div><div id=\"title-counter_31494428276a007ffb37af2\"  data-ultimate-target='#counter-responsv-wrap-7102 .stats-text'  data-responsive-json-new='{\"font-size\":\"desktop:15px;\",\"line-height\":\"\"}'  class=\"stats-text ult-responsive\" style=\"font-size:px; color:#0b2947; font-weight:bold;\">Clientes Vigentes<\/div><\/div><\/div>[\/vc_column_inner][vc_column_inner width=\u00bb1\/4&#8243;][vc_column_text]<\/p>\n<p style=\"text-align: center;\"><span style=\"font-family: helvetica, arial, sans-serif; font-size: 12pt; color: #0b2947;\"><strong>M\u00e1s de<\/strong><\/span><\/p>\n<p>[\/vc_column_text]<div class=\"stats-block stats-top  \"><div class=\"aio-icon-top\"><div class=\"ult-just-icon-wrapper  \"><div class=\"align-icon\" style=\"text-align:center;\"><\/div><\/div><\/div><div class=\"stats-desc\" id=\"counter-responsv-wrap-7802\"><div id=\"counter_24424686946a007ffb37c13\" data-id=\"counter_24424686946a007ffb37c13\"  data-ultimate-target='#counter-responsv-wrap-7802 .stats-number'  data-responsive-json-new='{\"font-size\":\"desktop:60px;\",\"line-height\":\"\"}'  class=\"stats-number ult-responsive\" style=\" color:#0b2947; font-weight:bold;color:#96bc20;\" data-speed=\"3\" data-counter-value=\"30\" data-separator=\"none\" data-decimal=\"none\">0<\/div><div id=\"title-counter_24424686946a007ffb37c13\"  data-ultimate-target='#counter-responsv-wrap-7802 .stats-text'  data-responsive-json-new='{\"font-size\":\"desktop:15px;\",\"line-height\":\"\"}'  class=\"stats-text ult-responsive\" style=\"font-size:px; color:#0b2947; font-weight:bold;\">A\u00f1os de Antiguedad<\/div><\/div><\/div>[\/vc_column_inner][vc_column_inner width=\u00bb1\/4&#8243;][vc_column_text]<\/p>\n<p style=\"text-align: center;\"><span style=\"font-family: helvetica, arial, sans-serif; font-size: 12pt; color: #0b2947;\"><strong>M\u00e1s de<\/strong><\/span><\/p>\n<p>[\/vc_column_text]<div class=\"stats-block stats-top  \"><div class=\"aio-icon-top\"><div class=\"ult-just-icon-wrapper  \"><div class=\"align-icon\" style=\"text-align:center;\"><\/div><\/div><\/div><div class=\"stats-desc\" id=\"counter-responsv-wrap-6980\"><div id=\"counter_32314381856a007ffb37d4f\" data-id=\"counter_32314381856a007ffb37d4f\"  data-ultimate-target='#counter-responsv-wrap-6980 .stats-number'  data-responsive-json-new='{\"font-size\":\"desktop:60px;\",\"line-height\":\"\"}'  class=\"stats-number ult-responsive\" style=\" color:#0b2947; font-weight:bold;color:#96bc20;\" data-speed=\"3\" data-counter-value=\"40\" data-separator=\"none\" data-decimal=\"none\">0<\/div><div id=\"title-counter_32314381856a007ffb37d4f\"  data-ultimate-target='#counter-responsv-wrap-6980 .stats-text'  data-responsive-json-new='{\"font-size\":\"desktop:15px;\",\"line-height\":\"\"}'  class=\"stats-text ult-responsive\" style=\"font-size:px; color:#0b2947; font-weight:bold;\">instalaciones con nuestros productos licenciados<\/div><\/div><\/div>[\/vc_column_inner][vc_column_inner width=\u00bb1\/4&#8243;][vc_column_text]<\/p>\n<p style=\"text-align: center;\"><span style=\"font-family: helvetica, arial, sans-serif; font-size: 12pt; color: #0b2947;\"><strong>M\u00e1s del<\/strong><\/span><\/p>\n<p>[\/vc_column_text]<div class=\"stats-block stats-top  \"><div class=\"aio-icon-top\"><div class=\"ult-just-icon-wrapper  \"><div class=\"align-icon\" style=\"text-align:center;\"><\/div><\/div><\/div><div class=\"stats-desc\" id=\"counter-responsv-wrap-8960\"><div id=\"counter_5146209546a007ffb37e6f\" data-id=\"counter_5146209546a007ffb37e6f\"  data-ultimate-target='#counter-responsv-wrap-8960 .stats-number'  data-responsive-json-new='{\"font-size\":\"desktop:60px;\",\"line-height\":\"\"}'  class=\"stats-number ult-responsive\" style=\" color:#0b2947; font-weight:bold;color:#96bc20;\" data-speed=\"3\" data-counter-value=\"90%\" data-separator=\"none\" data-decimal=\"none\">0<\/div><div id=\"title-counter_5146209546a007ffb37e6f\"  data-ultimate-target='#counter-responsv-wrap-8960 .stats-text'  data-responsive-json-new='{\"font-size\":\"desktop:15px;\",\"line-height\":\"\"}'  class=\"stats-text ult-responsive\" style=\"font-size:px; color:#0b2947; font-weight:bold;\">Porciento de Funcionarios Ingenieros<\/div><\/div><\/div>[\/vc_column_inner][\/vc_row_inner][vc_empty_space height=\u00bb80px\u00bb][\/vc_column][vc_column width=\u00bb1\/6&#8243;][\/vc_column][\/vc_row][vc_row type=\u00bbvc_default\u00bb full_width=\u00bbstretch_row\u00bb margin_top=\u00bb5&#8243; margin_bottom=\u00bb20&#8243; bg_type=\u00bbbg_color\u00bb css=\u00bb.vc_custom_1655419148772{margin-bottom: 20px !important;padding-right: 300px !important;padding-left: 300px !important;}\u00bb bg_color_value=\u00bb#f9f9fa\u00bb][vc_column css_animation=\u00bbfadeIn\u00bb width=\u00bb2\/3&#8243; offset=\u00bbvc_hidden-xs\u00bb][vc_empty_space height=\u00bb80px\u00bb][vc_column_text]<\/p>\n<h3>VISI\u00d3N<\/h3>\n<p>[\/vc_column_text][vc_column_text]El conocimiento ser\u00e1 instrumento de realizaci\u00f3n de los individuos y de la sociedad, si \u00e9ste es utilizado de manera compartida y consciente.[\/vc_column_text][vc_empty_space height=\u00bb10px\u00bb][vc_column_text]<\/p>\n<h3>MISI\u00d3N<\/h3>\n<p>[\/vc_column_text][vc_column_text]Emprender negocios y proveer soluciones integrales de software, con aplicaci\u00f3n consciente e innovadora de tecnolog\u00eda, por medio de una comunidad din\u00e1mica de profesionales, creando valor para los clientes y siendo agente del proceso de transformaci\u00f3n de la sociedad.[\/vc_column_text][vc_empty_space height=\u00bb50px\u00bb][vc_empty_space height=\u00bb50px\u00bb][\/vc_column][vc_column css_animation=\u00bbfadeIn\u00bb width=\u00bb1\/6&#8243; offset=\u00bbvc_hidden-xs\u00bb][vc_empty_space height=\u00bb80px\u00bb]<div class=\" uavc-icons-center uavc-icons \">\n<div class=\"aio-icon  \" data-animation=\"\" data-animation-delay=\"03\" style=\"color:#93bf1e;font-size:32px;margin-right:5px;\">\n\t<i class=\"Defaults-sun-o\"><\/i>\n<\/div><\/div>[vc_column_text]<\/p>\n<p style=\"text-align: center;\"><span style=\"font-family: helvetica, arial, sans-serif; font-size: 14pt; color: #0b2947;\"><strong>Entusiasmo<\/strong><\/span><\/p>\n<p>[\/vc_column_text][vc_empty_space height=\u00bb10px\u00bb]<div class=\" uavc-icons-center uavc-icons \">\n<div class=\"aio-icon  \" data-animation=\"\" data-animation-delay=\"03\" style=\"color:#93bf1e;font-size:32px;margin-right:5px;\">\n\t<i class=\"Defaults-check\"><\/i>\n<\/div><\/div>[vc_column_text]<\/p>\n<p style=\"text-align: center;\"><span style=\"font-family: helvetica, arial, sans-serif; font-size: 14pt; color: #0b2947;\"><strong>Excelencia<\/strong><\/span><\/p>\n<p>[\/vc_column_text][vc_empty_space height=\u00bb10px\u00bb]<div class=\" uavc-icons-center uavc-icons \">\n<div class=\"aio-icon  \" data-animation=\"\" data-animation-delay=\"03\" style=\"color:#93bf1e;font-size:32px;margin-right:5px;\">\n\t<i class=\"Defaults-briefcase\"><\/i>\n<\/div><\/div>[vc_column_text]<\/p>\n<p style=\"text-align: center;\"><span style=\"font-family: helvetica, arial, sans-serif; font-size: 14pt; color: #0b2947;\"><strong>Integridad<\/strong><\/span><\/p>\n<p>[\/vc_column_text][\/vc_column][vc_column width=\u00bb1\/6&#8243; offset=\u00bbvc_hidden-xs\u00bb][vc_empty_space height=\u00bb80px\u00bb]<div class=\" uavc-icons-center uavc-icons \">\n<div class=\"aio-icon  \" data-animation=\"\" data-animation-delay=\"03\" style=\"color:#93bf1e;font-size:32px;margin-right:5px;\">\n\t<i class=\"Defaults-rocket\"><\/i>\n<\/div><\/div>[vc_column_text]<\/p>\n<p style=\"text-align: center;\"><span style=\"font-family: helvetica, arial, sans-serif; font-size: 14pt; color: #0b2947;\"><strong>Innovaci\u00f3n<\/strong><\/span><\/p>\n<p>[\/vc_column_text][vc_empty_space height=\u00bb10px\u00bb]<div class=\" uavc-icons-center uavc-icons \">\n<div class=\"aio-icon  \" data-animation=\"\" data-animation-delay=\"03\" style=\"color:#93bf1e;font-size:32px;margin-right:5px;\">\n\t<i class=\"Defaults-line-chart\"><\/i>\n<\/div><\/div>[vc_column_text]<\/p>\n<p style=\"text-align: center;\"><span style=\"font-family: helvetica, arial, sans-serif; font-size: 14pt; color: #0b2947;\"><strong>Confianza<\/strong><\/span><\/p>\n<p>[\/vc_column_text][vc_empty_space height=\u00bb10px\u00bb]<div class=\" uavc-icons-center uavc-icons \">\n<div class=\"aio-icon  \" data-animation=\"\" data-animation-delay=\"03\" style=\"color:#93bf1e;font-size:32px;margin-right:5px;\">\n\t<i class=\"Defaults-smile-o\"><\/i>\n<\/div><\/div>[vc_column_text]<\/p>\n<p style=\"text-align: center;\"><span style=\"font-family: helvetica, arial, sans-serif; font-size: 14pt; color: #0b2947;\"><strong>Humor<\/strong><\/span><\/p>\n<p>[\/vc_column_text][\/vc_column][\/vc_row][vc_row type=\u00bbvc_default\u00bb full_width=\u00bbstretch_row\u00bb margin_top=\u00bb5&#8243; margin_bottom=\u00bb20&#8243; bg_type=\u00bbbg_color\u00bb css=\u00bb.vc_custom_1656101275552{margin-bottom: 20px !important;}\u00bb bg_color_value=\u00bb#f9f9fa\u00bb][vc_column css_animation=\u00bbfadeIn\u00bb offset=\u00bbvc_hidden-lg vc_hidden-md\u00bb][vc_empty_space height=\u00bb80px\u00bb][vc_column_text]<\/p>\n<h3>VISI\u00d3N<\/h3>\n<p>[\/vc_column_text][vc_column_text]El conocimiento ser\u00e1 instrumento de realizaci\u00f3n de los individuos y de la sociedad, si \u00e9ste es utilizado de manera compartida y consciente.[\/vc_column_text][vc_empty_space height=\u00bb10px\u00bb][vc_column_text]<\/p>\n<h3>MISI\u00d3N<\/h3>\n<p>[\/vc_column_text][vc_column_text]Emprender negocios y proveer soluciones integrales de software, con aplicaci\u00f3n consciente e innovadora de tecnolog\u00eda, por medio de una comunidad din\u00e1mica de profesionales, creando valor para los clientes y siendo agente del proceso de transformaci\u00f3n de la sociedad.[\/vc_column_text][vc_empty_space height=\u00bb80px\u00bb]<div class=\" uavc-icons-center uavc-icons \">\n<div class=\"aio-icon  \" data-animation=\"\" data-animation-delay=\"03\" style=\"color:#93bf1e;font-size:32px;margin-right:5px;\">\n\t<i class=\"Defaults-sun-o\"><\/i>\n<\/div><\/div>[vc_column_text]<\/p>\n<p style=\"text-align: center;\"><span style=\"font-family: helvetica, arial, sans-serif; font-size: 14pt; color: #0b2947;\"><strong>Entusiasmo<\/strong><\/span><\/p>\n<p>[\/vc_column_text][vc_empty_space height=\u00bb10px\u00bb]<div class=\" uavc-icons-center uavc-icons \">\n<div class=\"aio-icon  \" data-animation=\"\" data-animation-delay=\"03\" style=\"color:#93bf1e;font-size:32px;margin-right:5px;\">\n\t<i class=\"Defaults-check\"><\/i>\n<\/div><\/div>[vc_column_text]<\/p>\n<p style=\"text-align: center;\"><span style=\"font-family: helvetica, arial, sans-serif; font-size: 14pt; color: #0b2947;\"><strong>Excelencia<\/strong><\/span><\/p>\n<p>[\/vc_column_text][vc_empty_space height=\u00bb10px\u00bb]<div class=\" uavc-icons-center uavc-icons \">\n<div class=\"aio-icon  \" data-animation=\"\" data-animation-delay=\"03\" style=\"color:#93bf1e;font-size:32px;margin-right:5px;\">\n\t<i class=\"Defaults-briefcase\"><\/i>\n<\/div><\/div>[vc_column_text]<\/p>\n<p style=\"text-align: center;\"><span style=\"font-family: helvetica, arial, sans-serif; font-size: 14pt; color: #0b2947;\"><strong>Integridad<\/strong><\/span><\/p>\n<p>[\/vc_column_text][vc_empty_space height=\u00bb10px\u00bb]<div class=\" uavc-icons-center uavc-icons \">\n<div class=\"aio-icon  \" data-animation=\"\" data-animation-delay=\"03\" style=\"color:#93bf1e;font-size:32px;margin-right:5px;\">\n\t<i class=\"Defaults-rocket\"><\/i>\n<\/div><\/div>[vc_column_text]<\/p>\n<p style=\"text-align: center;\"><span style=\"font-family: helvetica, arial, sans-serif; font-size: 14pt; color: #0b2947;\"><strong>Innovaci\u00f3n<\/strong><\/span><\/p>\n<p>[\/vc_column_text][vc_empty_space height=\u00bb10px\u00bb]<div class=\" uavc-icons-center uavc-icons \">\n<div class=\"aio-icon  \" data-animation=\"\" data-animation-delay=\"03\" style=\"color:#93bf1e;font-size:32px;margin-right:5px;\">\n\t<i class=\"Defaults-line-chart\"><\/i>\n<\/div><\/div>[vc_column_text]<\/p>\n<p style=\"text-align: center;\"><span style=\"font-family: helvetica, arial, sans-serif; font-size: 14pt; color: #0b2947;\"><strong>Confianza<\/strong><\/span><\/p>\n<p>[\/vc_column_text][vc_empty_space height=\u00bb10px\u00bb]<div class=\" uavc-icons-center uavc-icons \">\n<div class=\"aio-icon  \" data-animation=\"\" data-animation-delay=\"03\" style=\"color:#93bf1e;font-size:32px;margin-right:5px;\">\n\t<i class=\"Defaults-smile-o\"><\/i>\n<\/div><\/div>[vc_column_text]<\/p>\n<p style=\"text-align: center;\"><span style=\"font-family: helvetica, arial, sans-serif; font-size: 14pt; color: #0b2947;\"><strong>Humor<\/strong><\/span><\/p>\n<p>[\/vc_column_text][\/vc_column][\/vc_row]<\/p>\n<\/div>","protected":false},"excerpt":{"rendered":"<p>[vc_row margin_top=\u00bb55&#8243; margin_bottom=\u00bb-30&#8243;][vc_column width=\u00bb1\/2&#8243;][vc_column_text] Nuestra Empresa [\/vc_column_text][vc_empty_space height=\u00bb40px\u00bb][vc_row_inner][vc_column_inner][vc_column_text]Computaci\u00f3n y Comunicaciones S.A. (C&amp;C) fue creada en 1990 y durante su trayectoria, ha prestado servicios especializados en las \u00e1reas de telecomunicaciones, inform\u00e1tica y computaci\u00f3n, en diversos sectores de la econom\u00eda tanto a la empresa privada como p\u00fablica.[\/vc_column_text][vc_column_text]C&amp;C se distingue por ser una empresa eminentemente t\u00e9cnica, que en&hellip;<\/p>\n","protected":false},"author":2,"featured_media":0,"parent":0,"menu_order":400,"comment_status":"closed","ping_status":"closed","template":"","meta":{"footnotes":""},"class_list":["post-835","page","type-page","status-publish","hentry","description-off"],"_links":{"self":[{"href":"https:\/\/www.cyc.cl\/index.php\/wp-json\/wp\/v2\/pages\/835","targetHints":{"allow":["GET"]}}],"collection":[{"href":"https:\/\/www.cyc.cl\/index.php\/wp-json\/wp\/v2\/pages"}],"about":[{"href":"https:\/\/www.cyc.cl\/index.php\/wp-json\/wp\/v2\/types\/page"}],"author":[{"embeddable":true,"href":"https:\/\/www.cyc.cl\/index.php\/wp-json\/wp\/v2\/users\/2"}],"replies":[{"embeddable":true,"href":"https:\/\/www.cyc.cl\/index.php\/wp-json\/wp\/v2\/comments?post=835"}],"version-history":[{"count":0,"href":"https:\/\/www.cyc.cl\/index.php\/wp-json\/wp\/v2\/pages\/835\/revisions"}],"wp:attachment":[{"href":"https:\/\/www.cyc.cl\/index.php\/wp-json\/wp\/v2\/media?parent=835"}],"curies":[{"name":"wp","href":"https:\/\/api.w.org\/{rel}","templated":true}]}}